{"id":342,"date":"2026-02-05T22:34:43","date_gmt":"2026-02-05T22:34:43","guid":{"rendered":"http:\/\/klave.pt\/?page_id=342"},"modified":"2026-02-23T22:14:19","modified_gmt":"2026-02-23T22:14:19","slug":"perguntas-frequentes","status":"publish","type":"page","link":"https:\/\/klave.pt\/pt-pt\/perguntas-frequentes\/","title":{"rendered":"Perguntas Frequentes"},"content":{"rendered":"\n<div style=\"background-image:url(&apos;http:\/\/klave.pt\/wp-content\/uploads\/2026\/02\/BGPADRAO.png&apos;);background-position:50% 0;background-size:auto;\" class=\"wp-block-group has-global-padding is-layout-constrained wp-block-group-is-layout-constrained has-background\"><h1 style=\"font-style:normal;font-weight:700;\" class=\"has-link-color wp-elements-1ab7478f1fd01d1efd2163815c5e15b8 wp-block-post-title has-text-color has-branco-color\">Perguntas Frequentes<\/h1><\/div>\n\n\n\n<section class=\"wp-block-group has-global-padding is-layout-constrained wp-block-group-is-layout-constrained\">\n<details class=\"wp-block-details is-layout-flow wp-container-core-details-is-layout-d8c45f77 wp-block-details-is-layout-flow\" style=\"border-top-style:none;border-top-width:0px;border-right-style:none;border-right-width:0px;border-bottom-color:#e5e5e5;border-bottom-width:1px;border-left-style:none;border-left-width:0px;margin-bottom:var(--wp--preset--spacing--64)\" data-aos=\"fade-up\" data-aos-delay=\"400\" data-aos-easing=\"ease-out\" open><summary>Vale a pena comprar im\u00f3vel em Portugal?<\/summary>\n<p class=\"has-base-font-size\" style=\"margin-bottom:var(--wp--preset--spacing--32)\">Sim. Comprar im\u00f3vel em Portugal pode ser uma excelente decis\u00e3o tanto para habita\u00e7\u00e3o pr\u00f3pria quanto para investimento, gra\u00e7as \u00e0 estabilidade do mercado, seguran\u00e7a jur\u00eddica e potencial de valoriza\u00e7\u00e3o.<\/p>\n<\/details>\n\n\n\n<details class=\"wp-block-details is-layout-flow wp-container-core-details-is-layout-d8c45f77 wp-block-details-is-layout-flow\" style=\"border-top-style:none;border-top-width:0px;border-right-style:none;border-right-width:0px;border-bottom-color:#e5e5e5;border-bottom-width:1px;border-left-style:none;border-left-width:0px;margin-bottom:var(--wp--preset--spacing--64)\" data-aos=\"fade-up\" data-aos-delay=\"400\" data-aos-easing=\"ease-out\"><summary>Como comprar casa em Portugal sendo estrangeiro?<\/summary>\n<p class=\"has-base-font-size\" style=\"margin-bottom:var(--wp--preset--spacing--32)\">O processo \u00e9 simples. \u00c9 necess\u00e1rio obter um NIF, abrir uma conta banc\u00e1ria em Portugal e contar com apoio jur\u00eddico e imobili\u00e1rio para garantir uma compra segura.<\/p>\n<\/details>\n\n\n\n<details class=\"wp-block-details is-layout-flow wp-container-core-details-is-layout-d8c45f77 wp-block-details-is-layout-flow\" style=\"border-top-style:none;border-top-width:0px;border-right-style:none;border-right-width:0px;border-bottom-color:#e5e5e5;border-bottom-width:1px;border-left-style:none;border-left-width:0px;margin-bottom:var(--wp--preset--spacing--64)\" data-aos=\"fade-up\" data-aos-delay=\"400\" data-aos-easing=\"ease-out\"><summary>Qual a diferen\u00e7a entre habita\u00e7\u00e3o pr\u00f3pria e habita\u00e7\u00e3o secund\u00e1ria?<\/summary>\n<p class=\"has-base-font-size\" style=\"margin-bottom:var(--wp--preset--spacing--32)\">A habita\u00e7\u00e3o pr\u00f3pria e permanente \u00e9 o im\u00f3vel destinado \u00e0 resid\u00eancia principal. J\u00e1 a habita\u00e7\u00e3o secund\u00e1ria \u00e9 utilizada para lazer, f\u00e9rias ou investimento.<\/p>\n<\/details>\n\n\n\n<details class=\"wp-block-details is-layout-flow wp-container-core-details-is-layout-d8c45f77 wp-block-details-is-layout-flow\" style=\"border-top-style:none;border-top-width:0px;border-right-style:none;border-right-width:0px;border-bottom-color:#e5e5e5;border-bottom-width:1px;border-left-style:none;border-left-width:0px;margin-bottom:var(--wp--preset--spacing--64)\" data-aos=\"fade-up\" data-aos-delay=\"400\" data-aos-easing=\"ease-out\"><summary>Como funciona o investimento em arrendamento em Portugal?<\/summary>\n<p class=\"has-base-font-size\" style=\"margin-bottom:var(--wp--preset--spacing--32)\">O investidor compra um im\u00f3vel para alugar e obter rendimento mensal. A rentabilidade depende da localiza\u00e7\u00e3o, tipo de im\u00f3vel e estrat\u00e9gia de arrendamento.<\/p>\n<\/details>\n\n\n\n<details class=\"wp-block-details is-layout-flow wp-container-core-details-is-layout-d8c45f77 wp-block-details-is-layout-flow\" style=\"border-top-style:none;border-top-width:0px;border-right-style:none;border-right-width:0px;border-bottom-color:#e5e5e5;border-bottom-width:1px;border-left-style:none;border-left-width:0px;margin-bottom:var(--wp--preset--spacing--64)\" data-aos=\"fade-up\" data-aos-delay=\"400\" data-aos-easing=\"ease-out\"><summary>Como calcular a rentabilidade de um arrendamento?<\/summary>\n<p class=\"has-base-font-size\" style=\"margin-bottom:var(--wp--preset--spacing--32)\">A rentabilidade \u00e9 calculada dividindo o rendimento anual do aluguel pelo valor total investido no im\u00f3vel, considerando custos, impostos e manuten\u00e7\u00e3o.<\/p>\n<\/details>\n\n\n\n<details class=\"wp-block-details is-layout-flow wp-container-core-details-is-layout-d8c45f77 wp-block-details-is-layout-flow\" style=\"border-top-style:none;border-top-width:0px;border-right-style:none;border-right-width:0px;border-bottom-color:#e5e5e5;border-bottom-width:1px;border-left-style:none;border-left-width:0px;margin-bottom:var(--wp--preset--spacing--64)\" data-aos=\"fade-up\" data-aos-delay=\"400\" data-aos-easing=\"ease-out\"><summary><strong>Qual \u00e9 a rentabilidade m\u00e9dia do arrendamento em Portugal?<\/strong><\/summary>\n<p class=\"has-base-font-size\" style=\"margin-bottom:var(--wp--preset--spacing--32)\">A rentabilidade do arrendamento varia conforme a cidade e o tipo de im\u00f3vel, podendo ser mais elevada em zonas com alta procura e oferta limitada.<\/p>\n<\/details>\n\n\n\n<details class=\"wp-block-details is-layout-flow wp-container-core-details-is-layout-d8c45f77 wp-block-details-is-layout-flow\" style=\"border-top-style:none;border-top-width:0px;border-right-style:none;border-right-width:0px;border-bottom-color:#e5e5e5;border-bottom-width:1px;border-left-style:none;border-left-width:0px;margin-bottom:var(--wp--preset--spacing--64)\" data-aos=\"fade-up\" data-aos-delay=\"400\" data-aos-easing=\"ease-out\"><summary><strong><strong>Quando posso aumentar a renda de um im\u00f3vel arrendado?<\/strong><\/strong><\/summary>\n<p class=\"has-base-font-size\" style=\"margin-bottom:var(--wp--preset--spacing--32)\">O aumento da renda segue regras legais e normalmente ocorre na renova\u00e7\u00e3o do contrato, de acordo com os \u00edndices definidos por lei.<\/p>\n<\/details>\n\n\n\n<details class=\"wp-block-details is-layout-flow wp-container-core-details-is-layout-d8c45f77 wp-block-details-is-layout-flow\" style=\"border-top-style:none;border-top-width:0px;border-right-style:none;border-right-width:0px;border-bottom-color:#e5e5e5;border-bottom-width:1px;border-left-style:none;border-left-width:0px;margin-bottom:var(--wp--preset--spacing--64)\" data-aos=\"fade-up\" data-aos-delay=\"400\" data-aos-easing=\"ease-out\"><summary><strong><strong><strong>O que \u00e9 arrendamento de longa dura\u00e7\u00e3o?<\/strong><\/strong><\/strong><\/summary>\n<p class=\"has-base-font-size\" style=\"margin-bottom:var(--wp--preset--spacing--32)\">\u00c9 o arrendamento com contratos mais longos, geralmente a partir de um ano, oferecendo maior estabilidade para propriet\u00e1rios e inquilinos.<\/p>\n<\/details>\n\n\n\n<details class=\"wp-block-details is-layout-flow wp-container-core-details-is-layout-d8c45f77 wp-block-details-is-layout-flow\" style=\"border-top-style:none;border-top-width:0px;border-right-style:none;border-right-width:0px;border-bottom-color:#e5e5e5;border-bottom-width:1px;border-left-style:none;border-left-width:0px;margin-bottom:var(--wp--preset--spacing--64)\" data-aos=\"fade-up\" data-aos-delay=\"400\" data-aos-easing=\"ease-out\"><summary><strong><strong><strong><strong>O que \u00e9 renda livre em Portugal?<\/strong><\/strong><\/strong><\/strong><\/summary>\n<p class=\"has-base-font-size\" style=\"margin-bottom:var(--wp--preset--spacing--32)\">Renda livre \u00e9 o valor do aluguel definido entre as partes, sem limites fixados por programas de apoio habitacional.<\/p>\n<\/details>\n\n\n\n<details class=\"wp-block-details is-layout-flow wp-container-core-details-is-layout-d8c45f77 wp-block-details-is-layout-flow\" style=\"border-top-style:none;border-top-width:0px;border-right-style:none;border-right-width:0px;border-bottom-color:#e5e5e5;border-bottom-width:1px;border-left-style:none;border-left-width:0px;margin-bottom:var(--wp--preset--spacing--64)\" data-aos=\"fade-up\" data-aos-delay=\"400\" data-aos-easing=\"ease-out\"><summary><strong><strong><strong><strong><strong>Quais s\u00e3o os benef\u00edcios fiscais do arrendamento?<\/strong><\/strong><\/strong><\/strong><\/strong><\/summary>\n<p class=\"has-base-font-size\" style=\"margin-bottom:var(--wp--preset--spacing--32)\">Dependendo do tipo e dura\u00e7\u00e3o do contrato, podem existir benef\u00edcios fiscais aplic\u00e1veis ao rendimento do arrendamento.<\/p>\n<\/details>\n\n\n\n<details class=\"wp-block-details is-layout-flow wp-container-core-details-is-layout-d8c45f77 wp-block-details-is-layout-flow\" style=\"border-top-style:none;border-top-width:0px;border-right-style:none;border-right-width:0px;border-bottom-color:#e5e5e5;border-bottom-width:1px;border-left-style:none;border-left-width:0px;margin-bottom:var(--wp--preset--spacing--64)\" data-aos=\"fade-up\" data-aos-delay=\"400\" data-aos-easing=\"ease-out\"><summary><strong><strong><strong><strong><strong><strong>O que s\u00e3o im\u00f3veis de luxo em Portugal?<\/strong><\/strong><\/strong><\/strong><\/strong><\/strong><\/summary>\n<p class=\"has-base-font-size\" style=\"margin-bottom:var(--wp--preset--spacing--32)\">Im\u00f3veis de luxo s\u00e3o propriedades premium, localizadas em zonas valorizadas, com alto padr\u00e3o construtivo e potencial de valoriza\u00e7\u00e3o.<\/p>\n<\/details>\n\n\n\n<details class=\"wp-block-details is-layout-flow wp-container-core-details-is-layout-d8c45f77 wp-block-details-is-layout-flow\" style=\"border-top-style:none;border-top-width:0px;border-right-style:none;border-right-width:0px;border-bottom-color:#e5e5e5;border-bottom-width:1px;border-left-style:none;border-left-width:0px;margin-bottom:var(--wp--preset--spacing--64)\" data-aos=\"fade-up\" data-aos-delay=\"400\" data-aos-easing=\"ease-out\"><summary><strong><strong><strong><strong><strong><strong><strong>Onde investir para rentabilizar dinheiro em Portugal?<\/strong><\/strong><\/strong><\/strong><\/strong><\/strong><\/strong><\/summary>\n<p class=\"has-base-font-size\" style=\"margin-bottom:var(--wp--preset--spacing--32)\">Cidades com forte demanda habitacional e tur\u00edstica costumam oferecer boas oportunidades para rentabilizar capital atrav\u00e9s do mercado imobili\u00e1rio.<\/p>\n<\/details>\n\n\n\n<details class=\"wp-block-details is-layout-flow wp-container-core-details-is-layout-d8c45f77 wp-block-details-is-layout-flow\" style=\"border-top-style:none;border-top-width:0px;border-right-style:none;border-right-width:0px;border-bottom-color:#e5e5e5;border-bottom-width:1px;border-left-style:none;border-left-width:0px;margin-bottom:var(--wp--preset--spacing--64)\" data-aos=\"fade-up\" data-aos-delay=\"400\" data-aos-easing=\"ease-out\"><summary><strong><strong><strong><strong><strong><strong><strong><strong>Comprar \u00e9 melhor do que arrendar?<\/strong><\/strong><\/strong><\/strong><\/strong><\/strong><\/strong><\/strong><\/summary>\n<p class=\"has-base-font-size\" style=\"margin-bottom:var(--wp--preset--spacing--32)\">Depende do perfil. Comprar pode gerar patrim\u00f4nio e renda no longo prazo, enquanto arrendar oferece maior flexibilidade no curto prazo.<\/p>\n<\/details>\n\n\n\n<details class=\"wp-block-details is-layout-flow wp-container-core-details-is-layout-d8c45f77 wp-block-details-is-layout-flow\" style=\"border-top-style:none;border-top-width:0px;border-right-style:none;border-right-width:0px;border-bottom-color:#e5e5e5;border-bottom-width:1px;border-left-style:none;border-left-width:0px;margin-bottom:var(--wp--preset--spacing--64)\" data-aos=\"fade-up\" data-aos-delay=\"400\" data-aos-easing=\"ease-out\"><summary><strong><strong><strong><strong><strong><strong><strong><strong><strong>Quem pode comprar casa em Portugal?<\/strong><\/strong><\/strong><\/strong><\/strong><\/strong><\/strong><\/strong><\/strong><\/summary>\n<p class=\"has-base-font-size\" style=\"margin-bottom:var(--wp--preset--spacing--32)\">Qualquer pessoa, incluindo estrangeiros, pode comprar im\u00f3vel em Portugal, desde que cumpra os requisitos legais.<\/p>\n<\/details>\n\n\n\n<details class=\"wp-block-details is-layout-flow wp-container-core-details-is-layout-d8c45f77 wp-block-details-is-layout-flow\" style=\"border-top-style:none;border-top-width:0px;border-right-style:none;border-right-width:0px;border-bottom-color:#e5e5e5;border-bottom-width:1px;border-left-style:none;border-left-width:0px;margin-bottom:var(--wp--preset--spacing--64)\" data-aos=\"fade-up\" data-aos-delay=\"400\" data-aos-easing=\"ease-out\"><summary><strong><strong><strong><strong><strong><strong><strong><strong><strong><strong>Como a Klave pode ajudar nesse processo?<\/strong><\/strong><\/strong><\/strong><\/strong><\/strong><\/strong><\/strong><\/strong><\/strong><\/summary>\n<p class=\"has-base-font-size\" style=\"margin-bottom:var(--wp--preset--spacing--32)\">A Klave oferece consultoria imobili\u00e1ria completa, desde a defini\u00e7\u00e3o da estrat\u00e9gia at\u00e9 a compra, legaliza\u00e7\u00e3o e gest\u00e3o do im\u00f3vel.<\/p>\n<\/details>\n<\/section>\n","protected":false},"excerpt":{"rendered":"","protected":false},"author":1,"featured_media":528,"parent":0,"menu_order":0,"comment_status":"closed","ping_status":"closed","template":"","meta":{"footnotes":""},"class_list":["post-342","page","type-page","status-publish","has-post-thumbnail","hentry"],"yoast_head":"<!-- This site is optimized with the Yoast SEO plugin v27.1.1 - https:\/\/yoast.com\/product\/yoast-seo-wordpress\/ -->\n<title>Perguntas Frequentes: Como Investir em Im\u00f3veis em Portugal - Klave<\/title>\n<meta name=\"description\" content=\"Tire as suas d\u00favidas sobre como investir em im\u00f3veis em Portugal. Saiba tudo sobre rentabilidade, impostos e estrat\u00e9gias para maximizar o seu capital com a Klave.\" \/>\n<meta name=\"robots\" content=\"index, follow, max-snippet:-1, max-image-preview:large, max-video-preview:-1\" \/>\n<link rel=\"canonical\" href=\"https:\/\/klave.pt\/pt-pt\/perguntas-frequentes\/\" \/>\n<meta property=\"og:locale\" content=\"pt_PT\" \/>\n<meta property=\"og:type\" content=\"article\" \/>\n<meta property=\"og:title\" content=\"Perguntas Frequentes: Como Investir em Im\u00f3veis em Portugal - Klave\" \/>\n<meta property=\"og:description\" content=\"Tire as suas d\u00favidas sobre como investir em im\u00f3veis em Portugal. Saiba tudo sobre rentabilidade, impostos e estrat\u00e9gias para maximizar o seu capital com a Klave.\" \/>\n<meta property=\"og:url\" content=\"https:\/\/klave.pt\/pt-pt\/perguntas-frequentes\/\" \/>\n<meta property=\"og:site_name\" content=\"Klave\" \/>\n<meta property=\"article:modified_time\" content=\"2026-02-23T22:14:19+00:00\" \/>\n<meta property=\"og:image\" content=\"https:\/\/klave.pt\/wp-content\/uploads\/2026\/02\/klave.png\" \/>\n\t<meta property=\"og:image:width\" content=\"1516\" \/>\n\t<meta property=\"og:image:height\" content=\"930\" \/>\n\t<meta property=\"og:image:type\" content=\"image\/png\" \/>\n<meta name=\"twitter:card\" content=\"summary_large_image\" \/>\n<meta name=\"twitter:label1\" content=\"Tempo estimado de leitura\" \/>\n\t<meta name=\"twitter:data1\" content=\"3 minutos\" \/>\n<script type=\"application\/ld+json\" class=\"yoast-schema-graph\">{\"@context\":\"https:\/\/schema.org\",\"@graph\":[{\"@type\":[\"WebPage\",\"FAQPage\"],\"@id\":\"https:\/\/klave.pt\/pt-pt\/perguntas-frequentes\/\",\"url\":\"https:\/\/klave.pt\/pt-pt\/perguntas-frequentes\/\",\"name\":\"Perguntas Frequentes: Como Investir em Im\u00f3veis em Portugal - Klave\",\"isPartOf\":{\"@id\":\"https:\/\/klave.pt\/pt-pt\/#website\"},\"primaryImageOfPage\":{\"@id\":\"https:\/\/klave.pt\/pt-pt\/perguntas-frequentes\/#primaryimage\"},\"image\":{\"@id\":\"https:\/\/klave.pt\/pt-pt\/perguntas-frequentes\/#primaryimage\"},\"thumbnailUrl\":\"https:\/\/klave.pt\/wp-content\/uploads\/2026\/02\/klave.png\",\"datePublished\":\"2026-02-05T22:34:43+00:00\",\"dateModified\":\"2026-02-23T22:14:19+00:00\",\"description\":\"Tire as suas d\u00favidas sobre como investir em im\u00f3veis em Portugal. Saiba tudo sobre rentabilidade, impostos e estrat\u00e9gias para maximizar o seu capital com a Klave.\",\"breadcrumb\":{\"@id\":\"https:\/\/klave.pt\/pt-pt\/perguntas-frequentes\/#breadcrumb\"},\"inLanguage\":\"pt-PT\",\"potentialAction\":[{\"@type\":\"ReadAction\",\"target\":[\"https:\/\/klave.pt\/pt-pt\/perguntas-frequentes\/\"]}]},{\"@type\":\"ImageObject\",\"inLanguage\":\"pt-PT\",\"@id\":\"https:\/\/klave.pt\/pt-pt\/perguntas-frequentes\/#primaryimage\",\"url\":\"https:\/\/klave.pt\/wp-content\/uploads\/2026\/02\/klave.png\",\"contentUrl\":\"https:\/\/klave.pt\/wp-content\/uploads\/2026\/02\/klave.png\",\"width\":1516,\"height\":930,\"caption\":\"Logo Klave\"},{\"@type\":\"BreadcrumbList\",\"@id\":\"https:\/\/klave.pt\/pt-pt\/perguntas-frequentes\/#breadcrumb\",\"itemListElement\":[{\"@type\":\"ListItem\",\"position\":1,\"name\":\"In\u00edcio\",\"item\":\"https:\/\/klave.pt\/pt-pt\/\"},{\"@type\":\"ListItem\",\"position\":2,\"name\":\"Perguntas Frequentes\"}]},{\"@type\":\"WebSite\",\"@id\":\"https:\/\/klave.pt\/pt-pt\/#website\",\"url\":\"https:\/\/klave.pt\/pt-pt\/\",\"name\":\"klave\",\"description\":\"Consultoria imobili\u00e1ria personalizada\",\"publisher\":{\"@id\":\"https:\/\/klave.pt\/pt-pt\/#organization\"},\"potentialAction\":[{\"@type\":\"SearchAction\",\"target\":{\"@type\":\"EntryPoint\",\"urlTemplate\":\"https:\/\/klave.pt\/pt-pt\/?s={search_term_string}\"},\"query-input\":{\"@type\":\"PropertyValueSpecification\",\"valueRequired\":true,\"valueName\":\"search_term_string\"}}],\"inLanguage\":\"pt-PT\"},{\"@type\":\"Organization\",\"@id\":\"https:\/\/klave.pt\/pt-pt\/#organization\",\"name\":\"klave\",\"url\":\"https:\/\/klave.pt\/pt-pt\/\",\"logo\":{\"@type\":\"ImageObject\",\"inLanguage\":\"pt-PT\",\"@id\":\"https:\/\/klave.pt\/pt-pt\/#\/schema\/logo\/image\/\",\"url\":\"https:\/\/klave.pt\/wp-content\/uploads\/2026\/02\/Logo-Klave-1.svg\",\"contentUrl\":\"https:\/\/klave.pt\/wp-content\/uploads\/2026\/02\/Logo-Klave-1.svg\",\"width\":164,\"height\":56,\"caption\":\"klave\"},\"image\":{\"@id\":\"https:\/\/klave.pt\/pt-pt\/#\/schema\/logo\/image\/\"}}]}<\/script>\n<!-- \/ Yoast SEO plugin. -->","yoast_head_json":{"title":"Perguntas Frequentes: Como Investir em Im\u00f3veis em Portugal - Klave","description":"Tire as suas d\u00favidas sobre como investir em im\u00f3veis em Portugal. Saiba tudo sobre rentabilidade, impostos e estrat\u00e9gias para maximizar o seu capital com a Klave.","robots":{"index":"index","follow":"follow","max-snippet":"max-snippet:-1","max-image-preview":"max-image-preview:large","max-video-preview":"max-video-preview:-1"},"canonical":"https:\/\/klave.pt\/pt-pt\/perguntas-frequentes\/","og_locale":"pt_PT","og_type":"article","og_title":"Perguntas Frequentes: Como Investir em Im\u00f3veis em Portugal - Klave","og_description":"Tire as suas d\u00favidas sobre como investir em im\u00f3veis em Portugal. Saiba tudo sobre rentabilidade, impostos e estrat\u00e9gias para maximizar o seu capital com a Klave.","og_url":"https:\/\/klave.pt\/pt-pt\/perguntas-frequentes\/","og_site_name":"Klave","article_modified_time":"2026-02-23T22:14:19+00:00","og_image":[{"width":1516,"height":930,"url":"https:\/\/klave.pt\/wp-content\/uploads\/2026\/02\/klave.png","type":"image\/png"}],"twitter_card":"summary_large_image","twitter_misc":{"Tempo estimado de leitura":"3 minutos"},"schema":{"@context":"https:\/\/schema.org","@graph":[{"@type":["WebPage","FAQPage"],"@id":"https:\/\/klave.pt\/pt-pt\/perguntas-frequentes\/","url":"https:\/\/klave.pt\/pt-pt\/perguntas-frequentes\/","name":"Perguntas Frequentes: Como Investir em Im\u00f3veis em Portugal - Klave","isPartOf":{"@id":"https:\/\/klave.pt\/pt-pt\/#website"},"primaryImageOfPage":{"@id":"https:\/\/klave.pt\/pt-pt\/perguntas-frequentes\/#primaryimage"},"image":{"@id":"https:\/\/klave.pt\/pt-pt\/perguntas-frequentes\/#primaryimage"},"thumbnailUrl":"https:\/\/klave.pt\/wp-content\/uploads\/2026\/02\/klave.png","datePublished":"2026-02-05T22:34:43+00:00","dateModified":"2026-02-23T22:14:19+00:00","description":"Tire as suas d\u00favidas sobre como investir em im\u00f3veis em Portugal. Saiba tudo sobre rentabilidade, impostos e estrat\u00e9gias para maximizar o seu capital com a Klave.","breadcrumb":{"@id":"https:\/\/klave.pt\/pt-pt\/perguntas-frequentes\/#breadcrumb"},"inLanguage":"pt-PT","potentialAction":[{"@type":"ReadAction","target":["https:\/\/klave.pt\/pt-pt\/perguntas-frequentes\/"]}]},{"@type":"ImageObject","inLanguage":"pt-PT","@id":"https:\/\/klave.pt\/pt-pt\/perguntas-frequentes\/#primaryimage","url":"https:\/\/klave.pt\/wp-content\/uploads\/2026\/02\/klave.png","contentUrl":"https:\/\/klave.pt\/wp-content\/uploads\/2026\/02\/klave.png","width":1516,"height":930,"caption":"Logo Klave"},{"@type":"BreadcrumbList","@id":"https:\/\/klave.pt\/pt-pt\/perguntas-frequentes\/#breadcrumb","itemListElement":[{"@type":"ListItem","position":1,"name":"In\u00edcio","item":"https:\/\/klave.pt\/pt-pt\/"},{"@type":"ListItem","position":2,"name":"Perguntas Frequentes"}]},{"@type":"WebSite","@id":"https:\/\/klave.pt\/pt-pt\/#website","url":"https:\/\/klave.pt\/pt-pt\/","name":"klave","description":"Consultoria imobili\u00e1ria personalizada","publisher":{"@id":"https:\/\/klave.pt\/pt-pt\/#organization"},"potentialAction":[{"@type":"SearchAction","target":{"@type":"EntryPoint","urlTemplate":"https:\/\/klave.pt\/pt-pt\/?s={search_term_string}"},"query-input":{"@type":"PropertyValueSpecification","valueRequired":true,"valueName":"search_term_string"}}],"inLanguage":"pt-PT"},{"@type":"Organization","@id":"https:\/\/klave.pt\/pt-pt\/#organization","name":"klave","url":"https:\/\/klave.pt\/pt-pt\/","logo":{"@type":"ImageObject","inLanguage":"pt-PT","@id":"https:\/\/klave.pt\/pt-pt\/#\/schema\/logo\/image\/","url":"https:\/\/klave.pt\/wp-content\/uploads\/2026\/02\/Logo-Klave-1.svg","contentUrl":"https:\/\/klave.pt\/wp-content\/uploads\/2026\/02\/Logo-Klave-1.svg","width":164,"height":56,"caption":"klave"},"image":{"@id":"https:\/\/klave.pt\/pt-pt\/#\/schema\/logo\/image\/"}}]}},"_links":{"self":[{"href":"https:\/\/klave.pt\/pt-pt\/wp-json\/wp\/v2\/pages\/342","targetHints":{"allow":["GET"]}}],"collection":[{"href":"https:\/\/klave.pt\/pt-pt\/wp-json\/wp\/v2\/pages"}],"about":[{"href":"https:\/\/klave.pt\/pt-pt\/wp-json\/wp\/v2\/types\/page"}],"author":[{"embeddable":true,"href":"https:\/\/klave.pt\/pt-pt\/wp-json\/wp\/v2\/users\/1"}],"replies":[{"embeddable":true,"href":"https:\/\/klave.pt\/pt-pt\/wp-json\/wp\/v2\/comments?post=342"}],"version-history":[{"count":8,"href":"https:\/\/klave.pt\/pt-pt\/wp-json\/wp\/v2\/pages\/342\/revisions"}],"predecessor-version":[{"id":1052,"href":"https:\/\/klave.pt\/pt-pt\/wp-json\/wp\/v2\/pages\/342\/revisions\/1052"}],"wp:featuredmedia":[{"embeddable":true,"href":"https:\/\/klave.pt\/pt-pt\/wp-json\/wp\/v2\/media\/528"}],"wp:attachment":[{"href":"https:\/\/klave.pt\/pt-pt\/wp-json\/wp\/v2\/media?parent=342"}],"curies":[{"name":"wp","href":"https:\/\/api.w.org\/{rel}","templated":true}]}}