{"id":1110,"date":"2026-04-06T14:47:10","date_gmt":"2026-04-06T13:47:10","guid":{"rendered":"https:\/\/klave.pt\/?page_id=1110"},"modified":"2026-04-06T14:47:16","modified_gmt":"2026-04-06T13:47:16","slug":"servico","status":"publish","type":"page","link":"https:\/\/klave.pt\/pt-pt\/servico\/","title":{"rendered":"Servi\u00e7os"},"content":{"rendered":"\n<div style=\"background-image:url(&apos;https:\/\/klave.pt\/wp-content\/uploads\/2026\/02\/BGPADRAO.png&apos;);background-position:50% 0;background-size:auto;\" class=\"wp-block-group has-global-padding is-layout-constrained wp-block-group-is-layout-constrained has-background\">\n\n\n<p class=\"has-branco-color has-text-color has-link-color wp-elements-4f5a8070f7c7d01d2dfe98e19c4f04cf\">\n\t\tIntelig\u00eancia imobili\u00e1ria aplicada ao seu perfil. Oferecemos diversos\n\t\tcaminhos para\n\t\t<strong><mark style=\"background-color: rgba(0, 0, 0, 0)\" class=\"has-inline-color has-azul-color\">rentabilizar o seu capital em Portugal.<\/mark><\/strong>\n\t<\/p>\n<\/div>\n\n\n\n<div class=\"wp-block-group has-global-padding is-layout-constrained wp-container-core-group-is-layout-854e469c wp-block-group-is-layout-constrained\" style=\"margin-top:0;margin-bottom:0;padding-right:0;padding-left:0\">\n<main data-wp-context=\"{}\" data-wp-interactive=\"core\/query\" data-wp-key=\"34\" data-wp-router-region=\"query-34\" class=\"wp-block-query has-global-padding is-layout-constrained wp-block-query-is-layout-constrained\"><ul data-aos-delay=\"300\" data-aos=\"fade-up\" style=\"border-style:none;border-width:0px;\" class=\"columns-2 wp-block-post-template is-layout-grid wp-container-core-post-template-is-layout-84bc2f3a wp-block-post-template-is-layout-grid\"><li data-wp-key=\"post-template-item-314\" class=\"wp-block-post post-314 servicos type-servicos status-publish has-post-thumbnail hentry\">\n\n<div data-aos-delay=\"300\" data-aos=\"fade-up\" class=\"wp-block-columns is-layout-flex wp-container-core-columns-is-layout-1ec2ec05 wp-block-columns-is-layout-flex\" style=\"margin-top:0;margin-bottom:0;padding-top:0;padding-right:0;padding-bottom:0;padding-left:0\">\n<div class=\"wp-block-column is-vertically-aligned-center is-layout-flow wp-block-column-is-layout-flow\" style=\"padding-top:0;padding-bottom:0;flex-basis:40%\"><figure class=\"wp-block-post-featured-image\"><a href=\"https:\/\/klave.pt\/pt-pt\/servicos\/id-passport\/\" target=\"_self\"  ><img loading=\"lazy\" decoding=\"async\" width=\"1200\" height=\"971\" src=\"https:\/\/klave.pt\/wp-content\/uploads\/2026\/02\/Passaporte-portugues-sobre-uma-bandeira.jpg\" class=\"attachment-post-thumbnail size-post-thumbnail wp-post-image\" alt=\"ID &amp; Passport\" style=\"border-top-left-radius:12px;border-top-right-radius:12px;border-bottom-left-radius:12px;border-bottom-right-radius:120px;object-fit:cover;\" srcset=\"https:\/\/klave.pt\/wp-content\/uploads\/2026\/02\/Passaporte-portugues-sobre-uma-bandeira.jpg 1200w, https:\/\/klave.pt\/wp-content\/uploads\/2026\/02\/Passaporte-portugues-sobre-uma-bandeira-300x243.jpg 300w, https:\/\/klave.pt\/wp-content\/uploads\/2026\/02\/Passaporte-portugues-sobre-uma-bandeira-1024x829.jpg 1024w, https:\/\/klave.pt\/wp-content\/uploads\/2026\/02\/Passaporte-portugues-sobre-uma-bandeira-768x621.jpg 768w\" sizes=\"auto, (max-width: 1200px) 100vw, 1200px\" \/><\/a><\/figure><\/div>\n\n\n\n<div class=\"wp-block-column is-vertically-aligned-center is-layout-flow wp-block-column-is-layout-flow\" style=\"padding-right:var(--wp--preset--spacing--24);padding-left:var(--wp--preset--spacing--24)\"><h3 style=\"font-size:20px;font-style:normal;font-weight:700;\" class=\"has-text-align-left wp-block-post-title\">ID &amp; Passport<\/h3>\n\n<div style=\"font-size:0.9em;\" class=\"has-text-align-left wp-block-post-excerpt\"><p class=\"wp-block-post-excerpt__excerpt\">Apoio jur\u00eddico especializado em processos de nacionalidade, resid\u00eancia e obten\u00e7\u00e3o de documentos de identifica\u00e7\u00e3o portugueses. <\/p><\/div>\n\n<a style=\"font-style:normal;font-weight:700; border-color:#52A6E5;border-top-left-radius:6px;border-top-right-radius:6px;border-bottom-left-radius:6px;border-bottom-right-radius:6px;border-width:1px; padding-right:var(--wp--preset--spacing--24);padding-left:var(--wp--preset--spacing--24);padding-top:var(--wp--preset--spacing--8);padding-bottom:var(--wp--preset--spacing--8);\" class=\"wp-elements-1829791f904b631a1490a04c75d89cee wp-block-read-more has-text-color has-azul-color has-border-color\" href=\"https:\/\/klave.pt\/pt-pt\/servicos\/id-passport\/\" target=\"_self\">Saber mais<span class=\"screen-reader-text\">: ID &amp; Passport<\/span><\/a><\/div>\n<\/div>\n\n<\/li><li data-wp-key=\"post-template-item-319\" class=\"wp-block-post post-319 servicos type-servicos status-publish has-post-thumbnail hentry\">\n\n<div data-aos-delay=\"300\" data-aos=\"fade-up\" class=\"wp-block-columns is-layout-flex wp-container-core-columns-is-layout-1ec2ec05 wp-block-columns-is-layout-flex\" style=\"margin-top:0;margin-bottom:0;padding-top:0;padding-right:0;padding-bottom:0;padding-left:0\">\n<div class=\"wp-block-column is-vertically-aligned-center is-layout-flow wp-block-column-is-layout-flow\" style=\"padding-top:0;padding-bottom:0;flex-basis:40%\"><figure class=\"wp-block-post-featured-image\"><a href=\"https:\/\/klave.pt\/pt-pt\/servicos\/credito-imobiliario\/\" target=\"_self\"  ><img loading=\"lazy\" decoding=\"async\" width=\"1200\" height=\"971\" src=\"https:\/\/klave.pt\/wp-content\/uploads\/2026\/02\/Pessoas-apertnado-as-maos-depois-de-assinar-um-contrato.jpg\" class=\"attachment-post-thumbnail size-post-thumbnail wp-post-image\" alt=\"Cr\u00e9dito Imobili\u00e1rio\" style=\"border-top-left-radius:12px;border-top-right-radius:12px;border-bottom-left-radius:12px;border-bottom-right-radius:120px;object-fit:cover;\" srcset=\"https:\/\/klave.pt\/wp-content\/uploads\/2026\/02\/Pessoas-apertnado-as-maos-depois-de-assinar-um-contrato.jpg 1200w, https:\/\/klave.pt\/wp-content\/uploads\/2026\/02\/Pessoas-apertnado-as-maos-depois-de-assinar-um-contrato-300x243.jpg 300w, https:\/\/klave.pt\/wp-content\/uploads\/2026\/02\/Pessoas-apertnado-as-maos-depois-de-assinar-um-contrato-1024x829.jpg 1024w, https:\/\/klave.pt\/wp-content\/uploads\/2026\/02\/Pessoas-apertnado-as-maos-depois-de-assinar-um-contrato-768x621.jpg 768w\" sizes=\"auto, (max-width: 1200px) 100vw, 1200px\" \/><\/a><\/figure><\/div>\n\n\n\n<div class=\"wp-block-column is-vertically-aligned-center is-layout-flow wp-block-column-is-layout-flow\" style=\"padding-right:var(--wp--preset--spacing--24);padding-left:var(--wp--preset--spacing--24)\"><h3 style=\"font-size:20px;font-style:normal;font-weight:700;\" class=\"has-text-align-left wp-block-post-title\">Cr\u00e9dito Imobili\u00e1rio<\/h3>\n\n<div style=\"font-size:0.9em;\" class=\"has-text-align-left wp-block-post-excerpt\"><p class=\"wp-block-post-excerpt__excerpt\">Assessoria estrat\u00e9gica para a obten\u00e7\u00e3o de financiamento banc\u00e1rio em Portugal, garantindo as melhores taxas e condi\u00e7\u00f5es do mercado para n\u00e3o residentes. <\/p><\/div>\n\n<a style=\"font-style:normal;font-weight:700; border-color:#52A6E5;border-top-left-radius:6px;border-top-right-radius:6px;border-bottom-left-radius:6px;border-bottom-right-radius:6px;border-width:1px; padding-right:var(--wp--preset--spacing--24);padding-left:var(--wp--preset--spacing--24);padding-top:var(--wp--preset--spacing--8);padding-bottom:var(--wp--preset--spacing--8);\" class=\"wp-elements-1829791f904b631a1490a04c75d89cee wp-block-read-more has-text-color has-azul-color has-border-color\" href=\"https:\/\/klave.pt\/pt-pt\/servicos\/credito-imobiliario\/\" target=\"_self\">Saber mais<span class=\"screen-reader-text\">: Cr\u00e9dito Imobili\u00e1rio<\/span><\/a><\/div>\n<\/div>\n\n<\/li><li data-wp-key=\"post-template-item-320\" class=\"wp-block-post post-320 servicos type-servicos status-publish has-post-thumbnail hentry\">\n\n<div data-aos-delay=\"300\" data-aos=\"fade-up\" class=\"wp-block-columns is-layout-flex wp-container-core-columns-is-layout-1ec2ec05 wp-block-columns-is-layout-flex\" style=\"margin-top:0;margin-bottom:0;padding-top:0;padding-right:0;padding-bottom:0;padding-left:0\">\n<div class=\"wp-block-column is-vertically-aligned-center is-layout-flow wp-block-column-is-layout-flow\" style=\"padding-top:0;padding-bottom:0;flex-basis:40%\"><figure class=\"wp-block-post-featured-image\"><a href=\"https:\/\/klave.pt\/pt-pt\/servicos\/conta-bancaria\/\" target=\"_self\"  ><img loading=\"lazy\" decoding=\"async\" width=\"1200\" height=\"971\" src=\"https:\/\/klave.pt\/wp-content\/uploads\/2026\/02\/Euros-e-Cartoes-de-Cretido.jpg\" class=\"attachment-post-thumbnail size-post-thumbnail wp-post-image\" alt=\"Conta Banc\u00e1ria\" style=\"border-top-left-radius:12px;border-top-right-radius:12px;border-bottom-left-radius:12px;border-bottom-right-radius:120px;object-fit:cover;\" srcset=\"https:\/\/klave.pt\/wp-content\/uploads\/2026\/02\/Euros-e-Cartoes-de-Cretido.jpg 1200w, https:\/\/klave.pt\/wp-content\/uploads\/2026\/02\/Euros-e-Cartoes-de-Cretido-300x243.jpg 300w, https:\/\/klave.pt\/wp-content\/uploads\/2026\/02\/Euros-e-Cartoes-de-Cretido-1024x829.jpg 1024w, https:\/\/klave.pt\/wp-content\/uploads\/2026\/02\/Euros-e-Cartoes-de-Cretido-768x621.jpg 768w\" sizes=\"auto, (max-width: 1200px) 100vw, 1200px\" \/><\/a><\/figure><\/div>\n\n\n\n<div class=\"wp-block-column is-vertically-aligned-center is-layout-flow wp-block-column-is-layout-flow\" style=\"padding-right:var(--wp--preset--spacing--24);padding-left:var(--wp--preset--spacing--24)\"><h3 style=\"font-size:20px;font-style:normal;font-weight:700;\" class=\"has-text-align-left wp-block-post-title\">Conta Banc\u00e1ria<\/h3>\n\n<div style=\"font-size:0.9em;\" class=\"has-text-align-left wp-block-post-excerpt\"><p class=\"wp-block-post-excerpt__excerpt\">Acompanhamento completo para a abertura de conta banc\u00e1ria em Portugal, de forma remota, segura e em conformidade com as normas banc\u00e1rias. <\/p><\/div>\n\n<a style=\"font-style:normal;font-weight:700; border-color:#52A6E5;border-top-left-radius:6px;border-top-right-radius:6px;border-bottom-left-radius:6px;border-bottom-right-radius:6px;border-width:1px; padding-right:var(--wp--preset--spacing--24);padding-left:var(--wp--preset--spacing--24);padding-top:var(--wp--preset--spacing--8);padding-bottom:var(--wp--preset--spacing--8);\" class=\"wp-elements-1829791f904b631a1490a04c75d89cee wp-block-read-more has-text-color has-azul-color has-border-color\" href=\"https:\/\/klave.pt\/pt-pt\/servicos\/conta-bancaria\/\" target=\"_self\">Saber mais<span class=\"screen-reader-text\">: Conta Banc\u00e1ria<\/span><\/a><\/div>\n<\/div>\n\n<\/li><li data-wp-key=\"post-template-item-321\" class=\"wp-block-post post-321 servicos type-servicos status-publish has-post-thumbnail hentry\">\n\n<div data-aos-delay=\"300\" data-aos=\"fade-up\" class=\"wp-block-columns is-layout-flex wp-container-core-columns-is-layout-1ec2ec05 wp-block-columns-is-layout-flex\" style=\"margin-top:0;margin-bottom:0;padding-top:0;padding-right:0;padding-bottom:0;padding-left:0\">\n<div class=\"wp-block-column is-vertically-aligned-center is-layout-flow wp-block-column-is-layout-flow\" style=\"padding-top:0;padding-bottom:0;flex-basis:40%\"><figure class=\"wp-block-post-featured-image\"><a href=\"https:\/\/klave.pt\/pt-pt\/servicos\/nif\/\" target=\"_self\"  ><img loading=\"lazy\" decoding=\"async\" width=\"1200\" height=\"971\" src=\"https:\/\/klave.pt\/wp-content\/uploads\/2026\/02\/Emissao-de-NIF.jpg\" class=\"attachment-post-thumbnail size-post-thumbnail wp-post-image\" alt=\"NIF\" style=\"border-top-left-radius:12px;border-top-right-radius:12px;border-bottom-left-radius:12px;border-bottom-right-radius:120px;object-fit:cover;\" srcset=\"https:\/\/klave.pt\/wp-content\/uploads\/2026\/02\/Emissao-de-NIF.jpg 1200w, https:\/\/klave.pt\/wp-content\/uploads\/2026\/02\/Emissao-de-NIF-300x243.jpg 300w, https:\/\/klave.pt\/wp-content\/uploads\/2026\/02\/Emissao-de-NIF-1024x829.jpg 1024w, https:\/\/klave.pt\/wp-content\/uploads\/2026\/02\/Emissao-de-NIF-768x621.jpg 768w\" sizes=\"auto, (max-width: 1200px) 100vw, 1200px\" \/><\/a><\/figure><\/div>\n\n\n\n<div class=\"wp-block-column is-vertically-aligned-center is-layout-flow wp-block-column-is-layout-flow\" style=\"padding-right:var(--wp--preset--spacing--24);padding-left:var(--wp--preset--spacing--24)\"><h3 style=\"font-size:20px;font-style:normal;font-weight:700;\" class=\"has-text-align-left wp-block-post-title\">NIF<\/h3>\n\n<div style=\"font-size:0.9em;\" class=\"has-text-align-left wp-block-post-excerpt\"><p class=\"wp-block-post-excerpt__excerpt\">Gest\u00e3o e emiss\u00e3o do N\u00famero de Identifica\u00e7\u00e3o Fiscal (NIF) e representa\u00e7\u00e3o fiscal, essenciais para qualquer transa\u00e7\u00e3o ou resid\u00eancia em territ\u00f3rio nacional. <\/p><\/div>\n\n<a style=\"font-style:normal;font-weight:700; border-color:#52A6E5;border-top-left-radius:6px;border-top-right-radius:6px;border-bottom-left-radius:6px;border-bottom-right-radius:6px;border-width:1px; padding-right:var(--wp--preset--spacing--24);padding-left:var(--wp--preset--spacing--24);padding-top:var(--wp--preset--spacing--8);padding-bottom:var(--wp--preset--spacing--8);\" class=\"wp-elements-1829791f904b631a1490a04c75d89cee wp-block-read-more has-text-color has-azul-color has-border-color\" href=\"https:\/\/klave.pt\/pt-pt\/servicos\/nif\/\" target=\"_self\">Saber mais<span class=\"screen-reader-text\">: NIF<\/span><\/a><\/div>\n<\/div>\n\n<\/li><\/ul><\/main>\n<\/div>\n","protected":false},"excerpt":{"rendered":"<p>Intelig\u00eancia imobili\u00e1ria aplicada ao seu perfil. Oferecemos diversos caminhos para rentabilizar o seu capital em Portugal.<\/p>\n","protected":false},"author":1,"featured_media":0,"parent":0,"menu_order":0,"comment_status":"closed","ping_status":"closed","template":"","meta":{"footnotes":""},"class_list":["post-1110","page","type-page","status-publish","hentry"],"yoast_head":"<!-- This site is optimized with the Yoast SEO plugin v27.1.1 - https:\/\/yoast.com\/product\/yoast-seo-wordpress\/ -->\n<title>Servi\u00e7os - Klave<\/title>\n<meta name=\"robots\" content=\"index, follow, max-snippet:-1, max-image-preview:large, max-video-preview:-1\" \/>\n<link rel=\"canonical\" href=\"https:\/\/klave.pt\/pt-pt\/servico\/\" \/>\n<meta property=\"og:locale\" content=\"pt_PT\" \/>\n<meta property=\"og:type\" content=\"article\" \/>\n<meta property=\"og:title\" content=\"Servi\u00e7os - Klave\" \/>\n<meta property=\"og:description\" content=\"Intelig\u00eancia imobili\u00e1ria aplicada ao seu perfil. Oferecemos diversos caminhos para rentabilizar o seu capital em Portugal.\" \/>\n<meta property=\"og:url\" content=\"https:\/\/klave.pt\/pt-pt\/servico\/\" \/>\n<meta property=\"og:site_name\" content=\"Klave\" \/>\n<meta property=\"article:modified_time\" content=\"2026-04-06T13:47:16+00:00\" \/>\n<meta name=\"twitter:card\" content=\"summary_large_image\" \/>\n<meta name=\"twitter:label1\" content=\"Tempo estimado de leitura\" \/>\n\t<meta name=\"twitter:data1\" content=\"1 minuto\" \/>\n<script type=\"application\/ld+json\" class=\"yoast-schema-graph\">{\"@context\":\"https:\/\/schema.org\",\"@graph\":[{\"@type\":\"WebPage\",\"@id\":\"https:\/\/klave.pt\/pt-pt\/servico\/\",\"url\":\"https:\/\/klave.pt\/pt-pt\/servico\/\",\"name\":\"Servi\u00e7os - Klave\",\"isPartOf\":{\"@id\":\"https:\/\/klave.pt\/pt-pt\/#website\"},\"datePublished\":\"2026-04-06T13:47:10+00:00\",\"dateModified\":\"2026-04-06T13:47:16+00:00\",\"breadcrumb\":{\"@id\":\"https:\/\/klave.pt\/pt-pt\/servico\/#breadcrumb\"},\"inLanguage\":\"pt-PT\",\"potentialAction\":[{\"@type\":\"ReadAction\",\"target\":[\"https:\/\/klave.pt\/pt-pt\/servico\/\"]}]},{\"@type\":\"BreadcrumbList\",\"@id\":\"https:\/\/klave.pt\/pt-pt\/servico\/#breadcrumb\",\"itemListElement\":[{\"@type\":\"ListItem\",\"position\":1,\"name\":\"In\u00edcio\",\"item\":\"https:\/\/klave.pt\/pt-pt\/\"},{\"@type\":\"ListItem\",\"position\":2,\"name\":\"Servi\u00e7os\"}]},{\"@type\":\"WebSite\",\"@id\":\"https:\/\/klave.pt\/pt-pt\/#website\",\"url\":\"https:\/\/klave.pt\/pt-pt\/\",\"name\":\"klave\",\"description\":\"Consultoria imobili\u00e1ria personalizada\",\"publisher\":{\"@id\":\"https:\/\/klave.pt\/pt-pt\/#organization\"},\"potentialAction\":[{\"@type\":\"SearchAction\",\"target\":{\"@type\":\"EntryPoint\",\"urlTemplate\":\"https:\/\/klave.pt\/pt-pt\/?s={search_term_string}\"},\"query-input\":{\"@type\":\"PropertyValueSpecification\",\"valueRequired\":true,\"valueName\":\"search_term_string\"}}],\"inLanguage\":\"pt-PT\"},{\"@type\":\"Organization\",\"@id\":\"https:\/\/klave.pt\/pt-pt\/#organization\",\"name\":\"klave\",\"url\":\"https:\/\/klave.pt\/pt-pt\/\",\"logo\":{\"@type\":\"ImageObject\",\"inLanguage\":\"pt-PT\",\"@id\":\"https:\/\/klave.pt\/pt-pt\/#\/schema\/logo\/image\/\",\"url\":\"https:\/\/klave.pt\/wp-content\/uploads\/2026\/02\/Logo-Klave-1.svg\",\"contentUrl\":\"https:\/\/klave.pt\/wp-content\/uploads\/2026\/02\/Logo-Klave-1.svg\",\"width\":164,\"height\":56,\"caption\":\"klave\"},\"image\":{\"@id\":\"https:\/\/klave.pt\/pt-pt\/#\/schema\/logo\/image\/\"}}]}<\/script>\n<!-- \/ Yoast SEO plugin. -->","yoast_head_json":{"title":"Servi\u00e7os - Klave","robots":{"index":"index","follow":"follow","max-snippet":"max-snippet:-1","max-image-preview":"max-image-preview:large","max-video-preview":"max-video-preview:-1"},"canonical":"https:\/\/klave.pt\/pt-pt\/servico\/","og_locale":"pt_PT","og_type":"article","og_title":"Servi\u00e7os - Klave","og_description":"Intelig\u00eancia imobili\u00e1ria aplicada ao seu perfil. Oferecemos diversos caminhos para rentabilizar o seu capital em Portugal.","og_url":"https:\/\/klave.pt\/pt-pt\/servico\/","og_site_name":"Klave","article_modified_time":"2026-04-06T13:47:16+00:00","twitter_card":"summary_large_image","twitter_misc":{"Tempo estimado de leitura":"1 minuto"},"schema":{"@context":"https:\/\/schema.org","@graph":[{"@type":"WebPage","@id":"https:\/\/klave.pt\/pt-pt\/servico\/","url":"https:\/\/klave.pt\/pt-pt\/servico\/","name":"Servi\u00e7os - Klave","isPartOf":{"@id":"https:\/\/klave.pt\/pt-pt\/#website"},"datePublished":"2026-04-06T13:47:10+00:00","dateModified":"2026-04-06T13:47:16+00:00","breadcrumb":{"@id":"https:\/\/klave.pt\/pt-pt\/servico\/#breadcrumb"},"inLanguage":"pt-PT","potentialAction":[{"@type":"ReadAction","target":["https:\/\/klave.pt\/pt-pt\/servico\/"]}]},{"@type":"BreadcrumbList","@id":"https:\/\/klave.pt\/pt-pt\/servico\/#breadcrumb","itemListElement":[{"@type":"ListItem","position":1,"name":"In\u00edcio","item":"https:\/\/klave.pt\/pt-pt\/"},{"@type":"ListItem","position":2,"name":"Servi\u00e7os"}]},{"@type":"WebSite","@id":"https:\/\/klave.pt\/pt-pt\/#website","url":"https:\/\/klave.pt\/pt-pt\/","name":"klave","description":"Consultoria imobili\u00e1ria personalizada","publisher":{"@id":"https:\/\/klave.pt\/pt-pt\/#organization"},"potentialAction":[{"@type":"SearchAction","target":{"@type":"EntryPoint","urlTemplate":"https:\/\/klave.pt\/pt-pt\/?s={search_term_string}"},"query-input":{"@type":"PropertyValueSpecification","valueRequired":true,"valueName":"search_term_string"}}],"inLanguage":"pt-PT"},{"@type":"Organization","@id":"https:\/\/klave.pt\/pt-pt\/#organization","name":"klave","url":"https:\/\/klave.pt\/pt-pt\/","logo":{"@type":"ImageObject","inLanguage":"pt-PT","@id":"https:\/\/klave.pt\/pt-pt\/#\/schema\/logo\/image\/","url":"https:\/\/klave.pt\/wp-content\/uploads\/2026\/02\/Logo-Klave-1.svg","contentUrl":"https:\/\/klave.pt\/wp-content\/uploads\/2026\/02\/Logo-Klave-1.svg","width":164,"height":56,"caption":"klave"},"image":{"@id":"https:\/\/klave.pt\/pt-pt\/#\/schema\/logo\/image\/"}}]}},"_links":{"self":[{"href":"https:\/\/klave.pt\/pt-pt\/wp-json\/wp\/v2\/pages\/1110","targetHints":{"allow":["GET"]}}],"collection":[{"href":"https:\/\/klave.pt\/pt-pt\/wp-json\/wp\/v2\/pages"}],"about":[{"href":"https:\/\/klave.pt\/pt-pt\/wp-json\/wp\/v2\/types\/page"}],"author":[{"embeddable":true,"href":"https:\/\/klave.pt\/pt-pt\/wp-json\/wp\/v2\/users\/1"}],"replies":[{"embeddable":true,"href":"https:\/\/klave.pt\/pt-pt\/wp-json\/wp\/v2\/comments?post=1110"}],"version-history":[{"count":1,"href":"https:\/\/klave.pt\/pt-pt\/wp-json\/wp\/v2\/pages\/1110\/revisions"}],"predecessor-version":[{"id":1111,"href":"https:\/\/klave.pt\/pt-pt\/wp-json\/wp\/v2\/pages\/1110\/revisions\/1111"}],"wp:attachment":[{"href":"https:\/\/klave.pt\/pt-pt\/wp-json\/wp\/v2\/media?parent=1110"}],"curies":[{"name":"wp","href":"https:\/\/api.w.org\/{rel}","templated":true}]}}